{"id":1263,"date":"2021-03-30T10:53:36","date_gmt":"2021-03-30T10:53:36","guid":{"rendered":"http:\/\/xaf-clean.com\/politica-de-privadesa\/"},"modified":"2021-03-30T10:53:37","modified_gmt":"2021-03-30T10:53:37","slug":"politica-de-privadesa","status":"publish","type":"page","link":"https:\/\/xaf-clean.com\/ca\/politica-de-privadesa\/","title":{"rendered":"Pol\u00edtica de privadesa"},"content":{"rendered":"\t\t<div data-elementor-type=\"wp-page\" data-elementor-id=\"1263\" class=\"elementor elementor-1263 elementor-3\" data-elementor-post-type=\"page\">\n\t\t\t\t\t\t<section class=\"elementor-section elementor-top-section elementor-element elementor-element-b061542 elementor-section-boxed elementor-section-height-default elementor-section-height-default\" data-id=\"b061542\" data-element_type=\"section\" data-e-type=\"section\">\n\t\t\t\t\t\t<div class=\"elementor-container elementor-column-gap-default\">\n\t\t\t\t\t<div class=\"elementor-column elementor-col-100 elementor-top-column elementor-element elementor-element-c11f912\" data-id=\"c11f912\" data-element_type=\"column\" data-e-type=\"column\">\n\t\t\t<div class=\"elementor-widget-wrap elementor-element-populated\">\n\t\t\t\t\t\t<div class=\"elementor-element elementor-element-7095a9b elementor-widget elementor-widget-spacer\" data-id=\"7095a9b\" data-element_type=\"widget\" data-e-type=\"widget\" data-widget_type=\"spacer.default\">\n\t\t\t\t<div class=\"elementor-widget-container\">\n\t\t\t\t\t\t\t<div class=\"elementor-spacer\">\n\t\t\t<div class=\"elementor-spacer-inner\"><\/div>\n\t\t<\/div>\n\t\t\t\t\t\t<\/div>\n\t\t\t\t<\/div>\n\t\t\t\t<div class=\"elementor-element elementor-element-6d93120 elementor-widget elementor-widget-spacer\" data-id=\"6d93120\" data-element_type=\"widget\" data-e-type=\"widget\" data-widget_type=\"spacer.default\">\n\t\t\t\t<div class=\"elementor-widget-container\">\n\t\t\t\t\t\t\t<div class=\"elementor-spacer\">\n\t\t\t<div class=\"elementor-spacer-inner\"><\/div>\n\t\t<\/div>\n\t\t\t\t\t\t<\/div>\n\t\t\t\t<\/div>\n\t\t\t\t<section class=\"elementor-section elementor-inner-section elementor-element elementor-element-ae4d782 elementor-section-boxed elementor-section-height-default elementor-section-height-default\" data-id=\"ae4d782\" data-element_type=\"section\" data-e-type=\"section\">\n\t\t\t\t\t\t<div class=\"elementor-container elementor-column-gap-default\">\n\t\t\t\t\t<div class=\"elementor-column elementor-col-100 elementor-inner-column elementor-element elementor-element-61095ab\" data-id=\"61095ab\" data-element_type=\"column\" data-e-type=\"column\">\n\t\t\t<div class=\"elementor-widget-wrap elementor-element-populated\">\n\t\t\t\t\t\t<div class=\"elementor-element elementor-element-00fa8b9 elementor-widget elementor-widget-text-editor\" data-id=\"00fa8b9\" data-element_type=\"widget\" data-e-type=\"widget\" data-widget_type=\"text-editor.default\">\n\t\t\t\t<div class=\"elementor-widget-container\">\n\t\t\t\t\t\t\t\t\t<p><strong>El responsable del tractament de les seves dades personals:<\/strong><\/p>\n<p>Identitat. CHIASA amb CIF: A-08527301<br \/>Direcci\u00f3 postal: Pol\u00edgon Industrial Cabrianes s \/ n 08650 Cabrianes<br \/>Telf: 938.206.102<br \/>Correu Electr\u00f2nic: <a href=\"mailto:chiasa@chiasa.es\">chiasa@chiasa.es<\/a><\/p>\n\t\t\t\t\t\t\t\t<\/div>\n\t\t\t\t<\/div>\n\t\t\t\t\t<\/div>\n\t\t<\/div>\n\t\t\t\t\t<\/div>\n\t\t<\/section>\n\t\t\t\t<div class=\"elementor-element elementor-element-8bd7e82 elementor-widget elementor-widget-spacer\" data-id=\"8bd7e82\" data-element_type=\"widget\" data-e-type=\"widget\" data-widget_type=\"spacer.default\">\n\t\t\t\t<div class=\"elementor-widget-container\">\n\t\t\t\t\t\t\t<div class=\"elementor-spacer\">\n\t\t\t<div class=\"elementor-spacer-inner\"><\/div>\n\t\t<\/div>\n\t\t\t\t\t\t<\/div>\n\t\t\t\t<\/div>\n\t\t\t\t<section class=\"elementor-section elementor-inner-section elementor-element elementor-element-7fca6f4 elementor-section-boxed elementor-section-height-default elementor-section-height-default\" data-id=\"7fca6f4\" data-element_type=\"section\" data-e-type=\"section\">\n\t\t\t\t\t\t<div class=\"elementor-container elementor-column-gap-wide\">\n\t\t\t\t\t<div class=\"elementor-column elementor-col-100 elementor-inner-column elementor-element elementor-element-783749f\" data-id=\"783749f\" data-element_type=\"column\" data-e-type=\"column\">\n\t\t\t<div class=\"elementor-widget-wrap elementor-element-populated\">\n\t\t\t\t\t\t<div class=\"elementor-element elementor-element-fa8e007 elementor-widget elementor-widget-text-editor\" data-id=\"fa8e007\" data-element_type=\"widget\" data-e-type=\"widget\" data-widget_type=\"text-editor.default\">\n\t\t\t\t<div class=\"elementor-widget-container\">\n\t\t\t\t\t\t\t\t\t<p>Per complir amb el que estableix la Llei 34\/2002, de 11 de juliol, de serveis de la societat de la informaci\u00f3 i de comer\u00e7 electr\u00f2nic, a continuaci\u00f3 s&#8217;indiquen les dades de la informaci\u00f3 general d&#8217;aquest lloc web:<\/p>\n<\/p>\n<h5>Objecte<\/h5>\n<p>Aquestes condicions generals (en endavant, les &#8220;Condicions Generals&#8221;) regulen l&#8217;\u00fas de tots els serveis d&#8217;aquest lloc web (des d&#8217;ara &#8220;el Portal&#8221;) que CHIASA, posa a disposici\u00f3 dels usuaris d&#8217;Internet. Amb la utilitzaci\u00f3 del Portal, els usuaris expressen la plena acceptaci\u00f3 i sense reserves de les mateixes, les quals podran ser modificades per CHIASA en qualsevol moment. Els usuaris es veuen, aix\u00ed mateix, sotmesos a totes aquelles condicions particulars, avisos o reglaments d&#8217;instruccions que es posin en el seu coneixement, en relaci\u00f3 als continguts o serveis concrets, que contemplen all\u00f2 previst en aquestes Condicions Generals sempre i quan no s&#8217;hi oposin.<\/p>\n<p><strong><em>&nbsp;<\/em><\/strong><\/p>\n<h5>1. Informaci\u00f3 a l&#8217;usuari<\/h5>\n<p>CHIASA \u00e9s el responsable del tractament de les dades personals de l&#8217;usuari i l&#8217;informa que aquestes dades seran tractades, de conformitat amb el que disposa la normativa vigent en protecci\u00f3 de dades personals, el Reglament (UE) 2016\/679 de 27 d&#8217;abril de 2016 (GDPR) relatiu a la protecci\u00f3 de les persones f\u00edsiques pel que fa a el tractament de dades personals i a la lliure circulaci\u00f3 d&#8217;aquestes dades, per la qual cosa li facilita la seg\u00fcent informaci\u00f3 del tractament:<\/p>\n<p><strong><em>Finalitat del tractament<\/em><\/strong>:&nbsp; mantenir una relaci\u00f3 comercial amb l&#8217;usuari. Les operacions previstes per realitzar el tractament son:<\/p>\n<ul>\n<li>Emissi\u00f3 de comunicacions comercials publicit\u00e0ries per email, SMS, MMS, comunitats socials o qualsevol altre mitj\u00e0 electr\u00f2nic o f\u00edsic, present o futur, que possibiliti realitzar comunicacions comercials. Aquestes Comunicacions seran realitzades per CHIASA i relacionades amb els seus productes i serveis, o dels seus col\u00b7laboradors o prove\u00efdors amb els hagi arribat a algun acord de promoci\u00f3. En aquest cas, els tercers mai tindran acc\u00e9s a les dades personals.<\/li>\n<li>Realitzar estudis estad\u00edstics.<\/li>\n<li>Tramitar enc\u00e0rrecs de peticions o qualsevol tipus de petici\u00f3 que sigui realitzada per l&#8217;usuari a trav\u00e9s de qualsevol de les formes de contacte que es posen a la seva disposici\u00f3.<\/li>\n<li>Remetre el butllet\u00ed de not\u00edcies del lloc web.<\/li>\n<\/ul>\n<p><strong><em>Criteris de conservaci\u00f3 de les dades:<\/em><\/strong> &nbsp;Es conservaran mentre hi hagi un inter\u00e8s mutu per mantenir la finalitat del tractament i, quan ja no siguin necess\u00e0ries per a la citada finalitat, es suprimiran amb les mesures de seguretat necess\u00e0ries per garantir la pseudonimitzaci\u00f3 de les dades o la eliminaci\u00f3 total de les mateixes.<\/p>\n<p><strong><em>Comunicaci\u00f3 de les dades<\/em><\/strong>: &nbsp;No es comunicaran les dades a cap destinatari, llevat d\u2019obligaci\u00f3 legal.<\/p>\n<p><strong><em>Drets que assisteixen a l&#8217;usuari:<\/em><\/strong><\/p>\n<ul>\n<li>Dret a retirar el consentiment en qualsevol moment.<\/li>\n<li>Dret d&#8217;acc\u00e9s, rectificaci\u00f3 i supressi\u00f3 de les seves dades i de la limitaci\u00f3 o oposici\u00f3 al seu tractament.<\/li>\n<li>Dret a presentar una reclamaci\u00f3 davant l&#8217;Autoritat de Control (agpd.es) si considera que el tractament no s&#8217;ajusta a la normativa vigent.<\/li>\n<\/ul>\n<p><strong><em>Dades de contacte per exercir els seus drets:<\/em><\/strong><\/p>\n<ul>\n<li>Adre\u00e7a postal: CHIASA. Pol\u00edgon Industrial Cabrianes s\/n, 08650 Cabrianes (Barcelona)<\/li>\n<li>Adre\u00e7a electr\u00f2nica:&nbsp;<a href=\"mailto:chiasa@chiasa.es\">chiasa@chiasa.es<\/a><\/li>\n<\/ul>\n<div>\n<\/div>\n<h5>2. Car\u00e0cter obligatori o facultatiu de la informaci\u00f3 facilitada per l&#8217;usuari<\/h5>\n<p>Els usuaris, mitjan\u00e7ant l&#8217;entrada de dades en els camps del formulari de contacte o presentats en formularis de desc\u00e0rrega, accepten expressament i de forma lliure i inequ\u00edvoca, que les seves dades s\u00f3n necess\u00e0ries per atendre la seva petici\u00f3, per part de prestador, sent volunt\u00e0ria la inclusi\u00f3 de dades en els camps restants. L&#8217;usuari garanteix que les dades personals facilitades a CHIASA s\u00f3n veraces i es fa responsable de comunicar qualsevol modificaci\u00f3 de les mateixes.<\/p>\n<p>CHIASA informa i garanteix expressament als usuaris que les seves dades personals no seran cedides en cap cas a tercers, i que sempre que realitzi algun tipus de cessi\u00f3 de dades personals, es demanar\u00e0 pr\u00e8viament el consentiment expr\u00e9s, informat i inequ\u00edvoc per part dels Usuaris. Totes les dades sol\u00b7licitades a trav\u00e9s del lloc web son obligat\u00f2ries, ja que son necess\u00e0ries per a la prestaci\u00f3 d&#8217;un servei \u00f2ptim a l&#8217;usuari. En cas que no siguin facilitades totes les dades, no es garanteix que la informaci\u00f3 i serveis facilitats siguin completament ajustats a les seves necessitats.<\/p>\n<\/p>\n<h5>3. Mesures de seguretat<\/h5>\n<p>Que de conformitat amb el que disposa les normativa vigent en protecci\u00f3 de dades personals, CHIASA est\u00e0 complint amb totes les disposicions de la normatives de l&#8217;RGPD, per al tractament de les dades personals de la seva responsabilitat, i manifestament amb els principis descrits en l&#8217;article 5 de l&#8217;RGPD, pels quals son tractats de manera l\u00edcita, lleial i transparent en relaci\u00f3 amb l&#8217;interessat i adequades, pertinents i limitats al que \u00e9s necessari en relaci\u00f3 amb la finalitat per la qual s\u00f3n tractats.<\/p>\n<p>CHIASA garanteix que ha implementat pol\u00edtiques t\u00e8cniques i organitzatives apropiades per aplicar les mesures de seguretat que estableix el RGPD, per protegir els drets i llibertats dels Usuaris i els ha comunicat la informaci\u00f3 adequada perqu\u00e8 puguin exercir-los.<\/p>\n<\/p>\n<h5>4. Utilitzaci\u00f3 del portal i dels serveis per als usuaris<\/h5>\n<p>Excepte en el cas que hagin obtingut pr\u00e8via i expressa autoritzaci\u00f3 espec\u00edficament atorgada a tal efecte per part de CHIASA, els usuaris s&#8217;abstindran d&#8217;obtenir o intentar obtenir qualsevol tipus de continguts, ja siguin textos, gr\u00e0fics, dibuixos, arxius de so, imatges o fotografies, v\u00eddeos, software i en general qualsevol classe de material accessible a trav\u00e9s del portal o dels serveis utilitzats per ells, per mitjans diferents dels que s&#8217;hagin posat a la seva disposici\u00f3 a aquest efecte o dels que s&#8217;emprin habitualment a aquest efecte en Internet.<\/p>\n<p>La reproducci\u00f3, modificaci\u00f3, c\u00f2pia, \u00fas, distribuci\u00f3, comercialitzaci\u00f3, comunicaci\u00f3 p\u00fablica o qualsevol altra utilitzaci\u00f3 de la informaci\u00f3 continguda en el lloc web de CHIASA (inclosos el seu propi disseny, configuraci\u00f3 i forma d&#8217;exposici\u00f3 del lloc web) que es realitzin sense autoritzaci\u00f3 de CHIASA constitueix una infracci\u00f3 de la legislaci\u00f3 vigent en mat\u00e8ria de propietat intel\u00b7lectual.<\/p>\n<p>Per facilitar el seu acc\u00e9s, pot ser que CHIASA inclogui vincles a p\u00e0gines d&#8217;Internet pertanyents o gestionades per tercers. A l&#8217;entrar en aquests llocs, revisar\u00e0 i acceptar\u00e0 vost\u00e8 les normes d&#8217;\u00fas d&#8217;aquests abans d&#8217;utilitzar-los. Tamb\u00e9 acceptar\u00e0 que CHIASA no t\u00e9 cap control sobre el contingut d&#8217;aquests llocs web i que no pot assumir cap responsabilitat per cap material creat o publicat per aquests. A m\u00e9s, el vincle a un lloc ali\u00e8 a CHIASA no implica que aquesta aprovi aquest lloc ni els productes o serveis als quals fa refer\u00e8ncia.<\/p>\n<\/p>\n<h5>5. Pol\u00edtica de galetes (\u201ccookies\u201d)<\/h5>\n<p>A trav\u00e9s d&#8217;aquest lloc web no es recullen dades de car\u00e0cter personal dels usuaris sense el seu coneixement, ni se cedeixen a tercers.<\/p>\n<p>Amb la finalitat d&#8217;oferir el millor servei i amb l&#8217;objectiu de facilitar-ne l&#8217;\u00fas, s&#8217;analitzen el nombre de p\u00e0gines visitades, el nombre de visites, aix\u00ed com l&#8217;activitat dels visitants i la seva freq\u00fc\u00e8ncia d&#8217;utilitzaci\u00f3. A aquests efectes, CHIASA utilitza la informaci\u00f3 estad\u00edstica elaborada pel Prove\u00efdor de Serveis d&#8217;Internet.<\/p>\n<p>CHIASA utilitza cookies per recollir informaci\u00f3 dels usuaris. \u00danicament s&#8217;utilitzen cookies pr\u00f2pies, de sessi\u00f3, amb una finalitat t\u00e8cnica (aquelles que permeten a l&#8217;usuari la navegaci\u00f3 a trav\u00e9s del lloc web i la utilitzaci\u00f3 de les diferents opcions i serveis que en ella existeixen).<\/p>\n<p><strong>&nbsp;<\/strong><\/p>\n<h5>6. Exclusi\u00f3 de responsabilitat dels continguts<\/h5>\n<p>L&#8217;empresa no \u00e9s, en cap cas, responsable, ni de forma directa ni subsidi\u00e0ria, de cap contingut, informaci\u00f3, comunicaci\u00f3, opini\u00f3 o manifestaci\u00f3 de qualsevol tipus que tingui el seu origen en l&#8217;usuari o qualsevol persona o entitat i que es comuniqui, difongui, transmeti o exhibeixi a trav\u00e9s d&#8217;aquest portal.<\/p>\n<p><\/p>\n<\/p>\n<h5>7. Propietat intel\u00b7lectual i industrial<\/h5>\n<p>Tots els continguts aix\u00ed com noms, logos, marques i bases de dades accessibles en les p\u00e0gines web del portal estan subjectes a drets de propietat industrial i intel\u00b7lectual de CHIASA o de tercers titulars dels mateixos. En cap cas l&#8217;acc\u00e9s a les p\u00e0gines web del Portal implica cap tipus de ren\u00fancia, transmissi\u00f3 o cessi\u00f3 total o parcial dels esmentats drets, ni confereix cap dret d&#8217;utilitzaci\u00f3, alteraci\u00f3, explotaci\u00f3, reproducci\u00f3, distribuci\u00f3 o comunicaci\u00f3 p\u00fablica sobre els continguts o b\u00e9ns de propietat industrial sense la pr\u00e8via i expressa autoritzaci\u00f3 espec\u00edficament atorgada a tal efecte per part de l&#8217;empresa o del tercer titular dels drets, excepte els drets de visualitzar i de realitzar c\u00f2pies per a \u00fas personal i exclusiu de l&#8217;usuari, els quals hauran d&#8217;exercir sempre conforme als principis de la bona fe i la legislaci\u00f3 aplicable.<\/p>\n<p>CHIASA i altres denominacions de productes, serveis, gr\u00e0fics i logotips s\u00f3n marques protegides per CHIASA. Les denominacions d&#8217;altres productes, serveis i companyies esmentades en aquest document poden ser marques registrades dels seus respectius propietaris.<\/p>\n<p><\/p>\n<\/p>\n<h5>8. Llei aplicable<\/h5>\n<p>La llei aplicable en cas de disputa o conflicte d&#8217;interpretaci\u00f3 dels termes que conformen aquest av\u00eds legal, aix\u00ed com qualsevol q\u00fcesti\u00f3 relacionada amb els serveis del present portal, ser\u00e0 la llei espanyola.<\/p>\n\t\t\t\t\t\t\t\t<\/div>\n\t\t\t\t<\/div>\n\t\t\t\t\t<\/div>\n\t\t<\/div>\n\t\t\t\t\t<\/div>\n\t\t<\/section>\n\t\t\t\t\t<\/div>\n\t\t<\/div>\n\t\t\t\t\t<\/div>\n\t\t<\/section>\n\t\t\t\t<\/div>\n\t\t","protected":false},"excerpt":{"rendered":"<p>El responsable del tractament de les seves dades personals: Identitat. CHIASA amb CIF: A-08527301Direcci\u00f3 postal: Pol\u00edgon Industrial Cabrianes s \/ n 08650 CabrianesTelf: 938.206.102Correu Electr\u00f2nic: chiasa@chiasa.es Per complir amb el que estableix la Llei 34\/2002, de 11 de juliol, de serveis de la societat de la informaci\u00f3 i de comer\u00e7 electr\u00f2nic, a continuaci\u00f3 s&#8217;indiquen les [&hellip;]<\/p>\n","protected":false},"author":1,"featured_media":0,"parent":0,"menu_order":0,"comment_status":"closed","ping_status":"closed","template":"elementor_header_footer","meta":{"_acf_changed":false,"inline_featured_image":false,"footnotes":""},"class_list":["post-1263","page","type-page","status-publish","hentry"],"acf":[],"_links":{"self":[{"href":"https:\/\/xaf-clean.com\/ca\/wp-json\/wp\/v2\/pages\/1263","targetHints":{"allow":["GET"]}}],"collection":[{"href":"https:\/\/xaf-clean.com\/ca\/wp-json\/wp\/v2\/pages"}],"about":[{"href":"https:\/\/xaf-clean.com\/ca\/wp-json\/wp\/v2\/types\/page"}],"author":[{"embeddable":true,"href":"https:\/\/xaf-clean.com\/ca\/wp-json\/wp\/v2\/users\/1"}],"replies":[{"embeddable":true,"href":"https:\/\/xaf-clean.com\/ca\/wp-json\/wp\/v2\/comments?post=1263"}],"version-history":[{"count":1,"href":"https:\/\/xaf-clean.com\/ca\/wp-json\/wp\/v2\/pages\/1263\/revisions"}],"predecessor-version":[{"id":1264,"href":"https:\/\/xaf-clean.com\/ca\/wp-json\/wp\/v2\/pages\/1263\/revisions\/1264"}],"wp:attachment":[{"href":"https:\/\/xaf-clean.com\/ca\/wp-json\/wp\/v2\/media?parent=1263"}],"curies":[{"name":"wp","href":"https:\/\/api.w.org\/{rel}","templated":true}]}}