{"id":1245,"date":"2021-03-29T11:45:52","date_gmt":"2021-03-29T11:45:52","guid":{"rendered":"http:\/\/xaf-clean.com\/politica-de-cookies\/"},"modified":"2021-03-29T11:45:52","modified_gmt":"2021-03-29T11:45:52","slug":"politica-de-cookies","status":"publish","type":"page","link":"https:\/\/xaf-clean.com\/ca\/politica-de-cookies\/","title":{"rendered":"Pol\u00edtica de cookies"},"content":{"rendered":"\t\t<div data-elementor-type=\"wp-page\" data-elementor-id=\"1245\" class=\"elementor elementor-1245 elementor-846\" data-elementor-post-type=\"page\">\n\t\t\t\t\t\t<section class=\"elementor-section elementor-top-section elementor-element elementor-element-b061542 elementor-section-boxed elementor-section-height-default elementor-section-height-default\" data-id=\"b061542\" data-element_type=\"section\" data-e-type=\"section\">\n\t\t\t\t\t\t<div class=\"elementor-container elementor-column-gap-default\">\n\t\t\t\t\t<div class=\"elementor-column elementor-col-100 elementor-top-column elementor-element elementor-element-c11f912\" data-id=\"c11f912\" data-element_type=\"column\" data-e-type=\"column\">\n\t\t\t<div class=\"elementor-widget-wrap elementor-element-populated\">\n\t\t\t\t\t\t<div class=\"elementor-element elementor-element-7095a9b elementor-widget elementor-widget-spacer\" data-id=\"7095a9b\" data-element_type=\"widget\" data-e-type=\"widget\" data-widget_type=\"spacer.default\">\n\t\t\t\t<div class=\"elementor-widget-container\">\n\t\t\t\t\t\t\t<div class=\"elementor-spacer\">\n\t\t\t<div class=\"elementor-spacer-inner\"><\/div>\n\t\t<\/div>\n\t\t\t\t\t\t<\/div>\n\t\t\t\t<\/div>\n\t\t\t\t<div class=\"elementor-element elementor-element-6d93120 elementor-widget elementor-widget-spacer\" data-id=\"6d93120\" data-element_type=\"widget\" data-e-type=\"widget\" data-widget_type=\"spacer.default\">\n\t\t\t\t<div class=\"elementor-widget-container\">\n\t\t\t\t\t\t\t<div class=\"elementor-spacer\">\n\t\t\t<div class=\"elementor-spacer-inner\"><\/div>\n\t\t<\/div>\n\t\t\t\t\t\t<\/div>\n\t\t\t\t<\/div>\n\t\t\t\t<section class=\"elementor-section elementor-inner-section elementor-element elementor-element-ae4d782 elementor-section-boxed elementor-section-height-default elementor-section-height-default\" data-id=\"ae4d782\" data-element_type=\"section\" data-e-type=\"section\">\n\t\t\t\t\t\t<div class=\"elementor-container elementor-column-gap-default\">\n\t\t\t\t\t<div class=\"elementor-column elementor-col-100 elementor-inner-column elementor-element elementor-element-61095ab\" data-id=\"61095ab\" data-element_type=\"column\" data-e-type=\"column\">\n\t\t\t<div class=\"elementor-widget-wrap elementor-element-populated\">\n\t\t\t\t\t\t<div class=\"elementor-element elementor-element-00fa8b9 elementor-widget elementor-widget-text-editor\" data-id=\"00fa8b9\" data-element_type=\"widget\" data-e-type=\"widget\" data-widget_type=\"text-editor.default\">\n\t\t\t\t<div class=\"elementor-widget-container\">\n\t\t\t\t\t\t\t\t\t<p><strong>El responsable del tractament de les seves dades personals:<\/strong><\/p>\n<p>Identitat. CHIASA amb CIF: A-08527301<br \/>Direcci\u00f3 postal: Pol\u00edgon Industrial Cabrianes s \/ n 08650 Cabrianes<br \/>Telf: 938.206.102<br \/>Correu Electr\u00f2nic: <a href=\"mailto:chiasa@chiasa.es\">chiasa@chiasa.es<\/a><\/p>\n\t\t\t\t\t\t\t\t<\/div>\n\t\t\t\t<\/div>\n\t\t\t\t\t<\/div>\n\t\t<\/div>\n\t\t\t\t\t<\/div>\n\t\t<\/section>\n\t\t\t\t<div class=\"elementor-element elementor-element-8bd7e82 elementor-widget elementor-widget-spacer\" data-id=\"8bd7e82\" data-element_type=\"widget\" data-e-type=\"widget\" data-widget_type=\"spacer.default\">\n\t\t\t\t<div class=\"elementor-widget-container\">\n\t\t\t\t\t\t\t<div class=\"elementor-spacer\">\n\t\t\t<div class=\"elementor-spacer-inner\"><\/div>\n\t\t<\/div>\n\t\t\t\t\t\t<\/div>\n\t\t\t\t<\/div>\n\t\t\t\t<section class=\"elementor-section elementor-inner-section elementor-element elementor-element-7fca6f4 elementor-section-boxed elementor-section-height-default elementor-section-height-default\" data-id=\"7fca6f4\" data-element_type=\"section\" data-e-type=\"section\">\n\t\t\t\t\t\t<div class=\"elementor-container elementor-column-gap-wide\">\n\t\t\t\t\t<div class=\"elementor-column elementor-col-100 elementor-inner-column elementor-element elementor-element-783749f\" data-id=\"783749f\" data-element_type=\"column\" data-e-type=\"column\">\n\t\t\t<div class=\"elementor-widget-wrap elementor-element-populated\">\n\t\t\t\t\t\t<div class=\"elementor-element elementor-element-fa8e007 elementor-widget elementor-widget-text-editor\" data-id=\"fa8e007\" data-element_type=\"widget\" data-e-type=\"widget\" data-widget_type=\"text-editor.default\">\n\t\t\t\t<div class=\"elementor-widget-container\">\n\t\t\t\t\t\t\t\t\t<div> <\/div>\n<p>En compliment de l&#8217;article 22 de la Llei 34\/2002, de 11 de juliol, de serveis de la societat de la informaci\u00f3 i de comer\u00e7 electr\u00f2nic (LSSI), en relaci\u00f3 amb el Reglament (UE) 2016\/679 del Parlament Europeu i del Consell, de 27 d&#8217;abril de 2016, General de Protecci\u00f3 de Dades (RGPD) i la Llei Org\u00e0nica 3\/2018, de 5 de desembre, de Protecci\u00f3 de Dades i garantia dels drets digitals (LOPDGDD), CHIASA, SA posa a disposici\u00f3 dels usuaris la Pol\u00edtica de recollida i tractament de galetes de la p\u00e0gina web.<\/p>\n<h5>Qu\u00e8 s\u00f3n les cookies?<\/h5>\n<p>Una cookie \u00e9s un fitxer que es descarrega al teu ordinador a l&#8217;entrar a determinades p\u00e0gines web. Permeten, entre d\u2019altres coses, emmagatzemar i recuperar informaci\u00f3 sobre els teus h\u00e0bits de navegaci\u00f3 i -depenent de la informaci\u00f3 que continguin i de la forma en qu\u00e8 utilitzis el teu equip- poden utilitzar-se per identificar-te. <\/p>\n<h5>Cookies utilitzades en el lloc web<\/h5>\n<p>A continuaci\u00f3 classifiquem les cookies utilitzades pel lloc web <a href=\"https:\/\/raytesser.com\/?page_id=83864\" target=\"_blank\" rel=\"noopener\">https:\/\/xaf-clean.com<\/a>:<\/p>\n<p><b>Segons l&#8217;entitat que les gestiona<\/b><\/p>\n<ul>\n<li><b>Cookies pr\u00f2pies<\/b>: S\u00f3n aquelles enviades i gestionades directament per CHIASA, SA<\/li>\n<li><b>Cookies de tercers<\/b>: S\u00f3n aquelles que s&#8217;envien a l&#8217;usuari des d&#8217;un domini ali\u00e8 a CHIASA, SA<\/li>\n<\/ul>\n<p><b> <\/b><\/p>\n<p><b>Segons la seva finalitat<\/b><\/p>\n<ul>\n<li><b>Cookies t\u00e8cniques<\/b>: S\u00f3n aquelles que permeten als usuaris registrats navegar, a trav\u00e9s del lloc web, a l&#8217;\u00e0rea restringida i utilitzar les seves diferents funcions, com per exemple, el sistema de comentaris o el cercador.<\/li>\n<li><b>Cookies de personalitzaci\u00f3:<\/b> S\u00f3n aquelles que permeten als usuaris accedir al servei, amb algunes caracter\u00edstiques de car\u00e0cter general predefinides, en funci\u00f3 d&#8217;una s\u00e8rie de criteris establerts per l&#8217;usuari com, per exemple, l&#8217;idioma o el tipus de navegador a trav\u00e9s del qual es connecta a aquest lloc web.<\/li>\n<li><b>Cookies d&#8217;an\u00e0lisi o mesurament<\/b>: S\u00f3n aquelles que, ben tractades pel lloc web o per tercers, permeten quantificar el nombre d&#8217;usuaris i aix\u00ed realitzar el mesurament i an\u00e0lisi estad\u00edstica de la utilitzaci\u00f3 que fan els usuaris del lloc web. Per aix\u00f2 s&#8217;analitza la navegaci\u00f3 que es realitza en aquest lloc web, per tal de millorar-lo. Per aix\u00f2 s&#8217;analitza la navegaci\u00f3 que es realitza en aquest lloc web, per tal de millorar-lo.<\/li>\n<li><b>Cookies socials<\/b>: S\u00f3n establertes per les plataformes de xarxes socials, per permetre als usuaris compartir continguts amb els seus amics i a les xarxes.<\/li>\n<\/ul>\n<p><b> <\/b><\/p>\n<p><b>Segons la seva durada<\/b><\/p>\n<ul>\n<li><b>Cookies de sessi\u00f3<\/b>: S\u00f3n aquelles dissenyades per demanar i emmagatzemar dades mentre l&#8217;usuari accedeix al lloc web.<\/li>\n<li><b>Cookies persistents<\/b>: S\u00f3n aquelles en qu\u00e8 les dades segueixen emmagatzemades en el terminal de l&#8217;usuari i poden ser accessibles i tractades durant un per\u00edode definit pel responsable de la cookie.<\/li>\n<\/ul>\n<h5> <\/h5>\n<h5>Llistat de cookies utilitzades<\/h5>\n<p>Aquest lloc web pot instal\u00b7lar les cookies seg\u00fcents:<\/p>\n<p><b>Cookies t\u00e8cniques<\/b><\/p>\n<ul>\n<li><b>wp-settings-{user_id}:<\/b> Cookie t\u00e8cnica que es fa servir per mantenir la configuraci\u00f3 de l&#8217;usuari en wp-admin. \u00c9s persistent i t\u00e9 una durada d&#8217;1 any.<\/li>\n<li><b>hasConsent:<\/b> Cookie t\u00e8cnica que emmagatzema el consentiment de l&#8217;usuari. \u00c9s persistent i t\u00e9 una durada d&#8217;1 any.<\/li>\n<\/ul>\n<p><b>Cookies d&#8217;an\u00e0lisi o mesurament<\/b><\/p>\n<ul>\n<li><b>_ga:<\/b> Cookie Anal\u00edtica que habilita la funci\u00f3 de control de visites \u00faniques. \u00c9s persistent i t\u00e9 una durada de 2 anys.<\/li>\n<li><b>_gat:<\/b> Anal\u00edtica per limitar el nombre de sol\u00b7licituds. El seu \u00e0mbit \u00e9s la sessi\u00f3 i t\u00e9 una durada d&#8217;1 minut.<\/li>\n<li><b>_gid:<\/b> Cookie Anal\u00edtica per distingir usuaris. El seu \u00e0mbit \u00e9s la sessi\u00f3 i t\u00e9 una durada de 24 hores.<\/li>\n<\/ul>\n<p>Informaci\u00f3 addicional:<\/p>\n<ul>\n<li>Google Analytics pot instal\u00b7lar altres cookies segons el document<a href=\"https:\/\/developers.google.com\/analytics\/devguides\/collection\/analyticsjs\/cookie-usage?hl=es\" target=\"_blank\" rel=\"noopener noreferrer nofollow\">\u00fas de les cookies de Google analytics en llocs web.<\/a><\/li>\n<\/ul>\n<p><b>Cookies socials<\/b><\/p>\n<ul>\n<li>El lloc web inclou altres funcionalitats proporcionades per serveis de tercers i xarxes socials per millorar l&#8217;experi\u00e8ncia dels visitants. Es pot compartir el contingut a les xarxes socials com \u00abFacebook\u00bb, \u00abTwitter\u00bb, \u00abInstagram\u00bb, \u00abVimeo\u00bb o \u00abYouTube\u00bb amb els botons inclosos a aquest efecte o amb les eines per compartir pr\u00f2pies de les xarxes socials. Com a resultat, aquests serveis poden instal\u00b7lar cookies i utilitzar-les per rastrejar la teva activitat en l\u00ednia. No tenim control directe sobre la informaci\u00f3 recopilada per aquestes cookies.<\/li>\n<\/ul>\n<p>El lloc web pot instal\u00b7lar altres cookies:<\/p>\n<h5>Eliminaci\u00f3 de cookies<\/h5>\n<p>Pots acceptar, bloquejar o eliminar les cookies instal\u00b7lades en el teu equip mitjan\u00e7ant la configuraci\u00f3 de les opcions del navegador, per\u00f2 part del lloc no funcionar\u00e0 correctament o la seva qualitat es pot veure afectada.<\/p>\n<p>En els seg\u00fcents enlla\u00e7os trobar\u00e0s instruccions per habilitar o desactivar les cookies en els navegadors m\u00e9s comuns.<\/p>\n<ul>\n<li><b>Firefox<\/b> <a href=\"http:\/\/support.mozilla.org\/es\/kb\/habilitar-y-deshabilitar-cookies-que-los-sitios-we\" target=\"_blank\" rel=\"nofollow noopener noreferrer\">http:\/\/support.mozilla.org\/es\/kb\/habilitar-y-deshabilitar-cookies-que-los-sitios-we<\/a><\/li>\n<li><b>Google Chrome<\/b> <a href=\"https:\/\/support.google.com\/chrome\/answer\/95647?hl=es\" target=\"_blank\" rel=\"noopener noreferrer nofollow\">https:\/\/support.google.com\/chrome\/answer\/95647?hl=es<\/a><\/li>\n<li><b>Internet Explorer<\/b> <a href=\"https:\/\/support.microsoft.com\/es-es\/help\/17442\/windows-internet-explorer-delete-manage-cookies#ie=%22ie-10%22\" target=\"_blank\" rel=\"noopener noreferrer nofollow\">https:\/\/support.microsoft.com\/es-es\/help\/17442\/windows-internet-explorer-delete-manage-cookies#ie=\u201die-10\u2033<\/a><\/li>\n<li><b>Microsoft Edge<\/b> <a href=\"https:\/\/support.microsoft.com\/es-es\/help\/4468242\/microsoft-edge-browsing-data-and-privacy\" target=\"_blank\" rel=\"noopener noreferrer nofollow\">https:\/\/support.microsoft.com\/es-es\/help\/4468242\/microsoft-edge-browsing-data-and-privacy<\/a><\/li>\n<li><b>Safari<\/b> <a href=\"http:\/\/support.apple.com\/kb\/HT1677?viewlocale=es_ES\" target=\"_blank\" rel=\"nofollow noopener noreferrer\">http:\/\/support.apple.com\/kb\/HT1677?viewlocale=es_ES<\/a><\/li>\n<\/ul>\n<h5> <\/h5>\n<h5>Tractament de Dades Personals<\/h5>\n<p><span style=\"font-size: 1rem;\">CHIASA, S.A. <\/span>\u00e9s el responsable del tractament de les dades personals de l&#8217;usuari. Pots consultar tota la informaci\u00f3 relativa al tractament de dades personals que recull el Titular a la p\u00e0gina de <a href=\"https:\/\/raytesser.com\/?page_id=3\" target=\"_blank\" rel=\"noopener\">Pol\u00edtica de Privadesa<\/a>.<\/p>\n<h5>Contacte<\/h5>\n<p>En cas que tinguis qualsevol dubte sobre aquesta Pol\u00edtica de Cookies o vulguis realitzar qualsevol comentari sobre aquest lloc web, pots enviar un missatge de correu electr\u00f2nic a l&#8217;adre\u00e7a: chiasa@chiasa.es<\/p>\n\t\t\t\t\t\t\t\t<\/div>\n\t\t\t\t<\/div>\n\t\t\t\t\t<\/div>\n\t\t<\/div>\n\t\t\t\t\t<\/div>\n\t\t<\/section>\n\t\t\t\t\t<\/div>\n\t\t<\/div>\n\t\t\t\t\t<\/div>\n\t\t<\/section>\n\t\t\t\t<\/div>\n\t\t","protected":false},"excerpt":{"rendered":"<p>El responsable del tractament de les seves dades personals: Identitat. CHIASA amb CIF: A-08527301Direcci\u00f3 postal: Pol\u00edgon Industrial Cabrianes s \/ n 08650 CabrianesTelf: 938.206.102Correu Electr\u00f2nic: chiasa@chiasa.es En compliment de l&#8217;article 22 de la Llei 34\/2002, de 11 de juliol, de serveis de la societat de la informaci\u00f3 i de comer\u00e7 electr\u00f2nic (LSSI), en relaci\u00f3 amb [&hellip;]<\/p>\n","protected":false},"author":2,"featured_media":0,"parent":0,"menu_order":0,"comment_status":"closed","ping_status":"closed","template":"elementor_header_footer","meta":{"_acf_changed":false,"inline_featured_image":false,"footnotes":""},"class_list":["post-1245","page","type-page","status-publish","hentry"],"acf":[],"_links":{"self":[{"href":"https:\/\/xaf-clean.com\/ca\/wp-json\/wp\/v2\/pages\/1245","targetHints":{"allow":["GET"]}}],"collection":[{"href":"https:\/\/xaf-clean.com\/ca\/wp-json\/wp\/v2\/pages"}],"about":[{"href":"https:\/\/xaf-clean.com\/ca\/wp-json\/wp\/v2\/types\/page"}],"author":[{"embeddable":true,"href":"https:\/\/xaf-clean.com\/ca\/wp-json\/wp\/v2\/users\/2"}],"replies":[{"embeddable":true,"href":"https:\/\/xaf-clean.com\/ca\/wp-json\/wp\/v2\/comments?post=1245"}],"version-history":[{"count":1,"href":"https:\/\/xaf-clean.com\/ca\/wp-json\/wp\/v2\/pages\/1245\/revisions"}],"predecessor-version":[{"id":1246,"href":"https:\/\/xaf-clean.com\/ca\/wp-json\/wp\/v2\/pages\/1245\/revisions\/1246"}],"wp:attachment":[{"href":"https:\/\/xaf-clean.com\/ca\/wp-json\/wp\/v2\/media?parent=1245"}],"curies":[{"name":"wp","href":"https:\/\/api.w.org\/{rel}","templated":true}]}}