{"id":1237,"date":"2021-03-26T11:38:14","date_gmt":"2021-03-26T11:38:14","guid":{"rendered":"http:\/\/xaf-clean.com\/avis-legal\/"},"modified":"2021-03-26T11:38:15","modified_gmt":"2021-03-26T11:38:15","slug":"avis-legal","status":"publish","type":"page","link":"https:\/\/xaf-clean.com\/ca\/avis-legal\/","title":{"rendered":"Av\u00eds Legal"},"content":{"rendered":"\t\t<div data-elementor-type=\"wp-page\" data-elementor-id=\"1237\" class=\"elementor elementor-1237 elementor-192\" data-elementor-post-type=\"page\">\n\t\t\t\t\t\t<section class=\"elementor-section elementor-top-section elementor-element elementor-element-2b1849c elementor-section-boxed elementor-section-height-default elementor-section-height-default\" data-id=\"2b1849c\" data-element_type=\"section\" data-e-type=\"section\">\n\t\t\t\t\t\t<div class=\"elementor-container elementor-column-gap-default\">\n\t\t\t\t\t<div class=\"elementor-column elementor-col-100 elementor-top-column elementor-element elementor-element-d5dc22c\" data-id=\"d5dc22c\" data-element_type=\"column\" data-e-type=\"column\">\n\t\t\t<div class=\"elementor-widget-wrap elementor-element-populated\">\n\t\t\t\t\t\t<div class=\"elementor-element elementor-element-1bc9edc elementor-widget elementor-widget-spacer\" data-id=\"1bc9edc\" data-element_type=\"widget\" data-e-type=\"widget\" data-widget_type=\"spacer.default\">\n\t\t\t\t<div class=\"elementor-widget-container\">\n\t\t\t\t\t\t\t<div class=\"elementor-spacer\">\n\t\t\t<div class=\"elementor-spacer-inner\"><\/div>\n\t\t<\/div>\n\t\t\t\t\t\t<\/div>\n\t\t\t\t<\/div>\n\t\t\t\t<div class=\"elementor-element elementor-element-ea5de83 elementor-widget elementor-widget-spacer\" data-id=\"ea5de83\" data-element_type=\"widget\" data-e-type=\"widget\" data-widget_type=\"spacer.default\">\n\t\t\t\t<div class=\"elementor-widget-container\">\n\t\t\t\t\t\t\t<div class=\"elementor-spacer\">\n\t\t\t<div class=\"elementor-spacer-inner\"><\/div>\n\t\t<\/div>\n\t\t\t\t\t\t<\/div>\n\t\t\t\t<\/div>\n\t\t\t\t<section class=\"elementor-section elementor-inner-section elementor-element elementor-element-2793604 elementor-section-boxed elementor-section-height-default elementor-section-height-default\" data-id=\"2793604\" data-element_type=\"section\" data-e-type=\"section\">\n\t\t\t\t\t\t<div class=\"elementor-container elementor-column-gap-default\">\n\t\t\t\t\t<div class=\"elementor-column elementor-col-100 elementor-inner-column elementor-element elementor-element-e23a525\" data-id=\"e23a525\" data-element_type=\"column\" data-e-type=\"column\">\n\t\t\t<div class=\"elementor-widget-wrap elementor-element-populated\">\n\t\t\t\t\t\t<div class=\"elementor-element elementor-element-62b7cb4 elementor-widget elementor-widget-text-editor\" data-id=\"62b7cb4\" data-element_type=\"widget\" data-e-type=\"widget\" data-widget_type=\"text-editor.default\">\n\t\t\t\t<div class=\"elementor-widget-container\">\n\t\t\t\t\t\t\t\t\t<p><strong>El responsable del tractament de les seves dades personals:<\/strong><\/p>\n<p>Identitat. CHIASA amb CIF: A-08527301<br \/>Direcci\u00f3 postal: Pol\u00edgon Industrial Cabrianes s \/ n 08650 Cabrianes<br \/>Telf: 938.206.102<br \/>Correu Electr\u00f2nic: <a href=\"mailto:chiasa@chiasa.es\">chiasa@chiasa.es<\/a><\/p>\n\t\t\t\t\t\t\t\t<\/div>\n\t\t\t\t<\/div>\n\t\t\t\t\t<\/div>\n\t\t<\/div>\n\t\t\t\t\t<\/div>\n\t\t<\/section>\n\t\t\t\t<div class=\"elementor-element elementor-element-dfd154b elementor-widget elementor-widget-spacer\" data-id=\"dfd154b\" data-element_type=\"widget\" data-e-type=\"widget\" data-widget_type=\"spacer.default\">\n\t\t\t\t<div class=\"elementor-widget-container\">\n\t\t\t\t\t\t\t<div class=\"elementor-spacer\">\n\t\t\t<div class=\"elementor-spacer-inner\"><\/div>\n\t\t<\/div>\n\t\t\t\t\t\t<\/div>\n\t\t\t\t<\/div>\n\t\t\t\t<section class=\"elementor-section elementor-inner-section elementor-element elementor-element-ec3a60a elementor-section-boxed elementor-section-height-default elementor-section-height-default\" data-id=\"ec3a60a\" data-element_type=\"section\" data-e-type=\"section\">\n\t\t\t\t\t\t<div class=\"elementor-container elementor-column-gap-wide\">\n\t\t\t\t\t<div class=\"elementor-column elementor-col-100 elementor-inner-column elementor-element elementor-element-904b794\" data-id=\"904b794\" data-element_type=\"column\" data-e-type=\"column\">\n\t\t\t<div class=\"elementor-widget-wrap elementor-element-populated\">\n\t\t\t\t\t\t<div class=\"elementor-element elementor-element-9a18c3c elementor-widget elementor-widget-text-editor\" data-id=\"9a18c3c\" data-element_type=\"widget\" data-e-type=\"widget\" data-widget_type=\"text-editor.default\">\n\t\t\t\t<div class=\"elementor-widget-container\">\n\t\t\t\t\t\t\t\t\t<h5><span style=\"color: inherit; font-family: 'Futura Bold', sans-serif; font-size: 1.5rem;\">Finalitat<\/span><\/h5>\n<p><strong>Amb quina finalitat tractem les seves dades<\/strong><\/p>\n<p>A CHIASA tractem la informaci\u00f3, que ens faciliten les persones interessades, amb la finalitat de gestionar l&#8217;enviament de la informaci\u00f3 que ens sol\u00b7licitin i facilitar ofertes de productes i \/ o serveis del seu inter\u00e8s. Tamb\u00e9 elaborarem un &#8220;perfil comercial&#8221; d&#8217;acord amb la informaci\u00f3 facilitada. No es prenen decisions automatitzades en base a aquest perfil.<\/p>\n<\/p>\n<p><strong>Durada del tractament de les dades<\/strong><\/p>\n<p>Criteris de conservaci\u00f3 de les dades: Es conservaran mentre hi hagi un inter\u00e8s mutu per mantenir la finalitat del tractament i, quan ja no siguin necess\u00e0ries per a la citada finalitat, es suprimiran amb les mesures de seguretat necess\u00e0ries per garantir la pseudonimitzaci\u00f3 de les dades o la eliminaci\u00f3 total de les mateixes.<br \/><strong style=\"font-size: 1rem;\">&nbsp;<\/strong><\/p>\n<h5>Legitimaci\u00f3<\/h5>\n<p><strong>Quina \u00e9s la legitimaci\u00f3 per al tractament de les dades<\/strong><\/p>\n<p>La base legal per al tractament de les seves dades personals \u00e9s el consentiment de l&#8217;afectat, l&#8217;execuci\u00f3 del contracte de serveis i l\u2019oferiment de respostes a les seves consultes rebudes mitjan\u00e7ant el formulari de contacte o correu electr\u00f2nic (segons els termes i condicions que consten en la nostra pol\u00edtica de privacitat).<\/p>\n<p>L&#8217;oferta prospectiva de productes i de serveis est\u00e0 basada en el consentiment que se sol\u00b7licita, sense que, en cap cas, la retirada d&#8217;aquest consentiment condicioni l&#8217;execuci\u00f3 del contracte de serveis.<\/p>\n<h5>Destinataris<\/h5>\n<p><strong>A quines persones destinat\u00e0ries es comuniquen les dades?<\/strong><\/p>\n<p>No es comunicaran les dades a cap destinatari, llevat d\u2019obligaci\u00f3 legal.<\/p>\n<h5>Drets<\/h5>\n<p><strong>Quins s\u00f3n els seus drets quan ens facilita les seves dades?<\/strong><\/p>\n<ul>\n<li>Qualsevol persona t\u00e9 dret a obtenir confirmaci\u00f3 respecte a si CHIASA est\u00e0 tractant dades personals que la concerneixin o no.<\/li>\n<li>Les persones interessades tenen dret a accedir a les seves dades personals, aix\u00ed com sol\u00b7licitar la rectificaci\u00f3 de les dades inexactes o, si s\u2019escau, sol\u00b7licitar la seva supressi\u00f3 quan, entre d&#8217;altres motius, les dades ja no siguin necess\u00e0ries per a la finalitat per la qual van ser recollides.<\/li>\n<li>En determinades circumst\u00e0ncies, que preveu l&#8217;article 18 RGPD, els interessats poden sol\u00b7licitar la limitaci\u00f3 del tractament de les seves dades. En aquest cas, \u00fanicament les conservarem per exercir o defensar reclamacions.<\/li>\n<li>Els interessats poden oposar-se a el tractament de les seves dades personals si la finalitat d\u2019aquest, \u00e9s l&#8217;enviament d\u2019informaci\u00f3 o d\u2019ofertes de productes i\/o serveis del seu inter\u00e8s CHIASA deixar\u00e0 de tractar les seves dades, excepte per motius leg\u00edtims imperiosos o per exercir o defensar possibles reclamacions.<\/li>\n<li>En virtut del dret a la portabilitat, els interessats tenen dret a obtenir les seves dades personals en un format estructurat d&#8217;\u00fas com\u00fa i lectura mec\u00e0nica i transmetre&#8217;ls a un altre responsable.<\/li>\n<\/ul>\n<p><strong>Com pot exercir els seus drets?<\/strong><\/p>\n<p>Mitjan\u00e7ant un escrit dirigit a CHIASA, Pol\u00edgon Industrial Cabrianes s \/ n 08650 Cabrianes (Barcelona o mitjan\u00e7ant un correu electr\u00f2nic a a&nbsp;<a href=\"mailto:chiasa@chiasa.es\">chiasa@chiasa.es<\/a>&nbsp; juntament amb prova v\u00e0lida en dret, com la fotoc\u00f2pia del DNI i indicant en l&#8217;assumpte &#8220;<em>PROTECCI\u00d3 DE DADES<\/em>&#8220;.<\/p>\n<p><b>Quines vies de reclamaci\u00f3 hi ha?<\/b><\/p>\n<p>Els interessats tenen dret a presentar una reclamaci\u00f3 davant l&#8217;Autoritat de Control en mat\u00e8ria de protecci\u00f3 de dades competent, especialment quan no hagi obtingut satisfacci\u00f3 en l&#8217;exercici dels seus drets. La forma de posar-se en contacte amb l&#8217;Autoritat de Control \u00e9s mitjan\u00e7ant la p\u00e0gina web.&nbsp;<a href=\"http:\/\/www.agpd.es\/\" target=\"_blank\" rel=\"noopener\">http:\/\/www.agpd.es<\/a>.<\/p>\n\t\t\t\t\t\t\t\t<\/div>\n\t\t\t\t<\/div>\n\t\t\t\t\t<\/div>\n\t\t<\/div>\n\t\t\t\t\t<\/div>\n\t\t<\/section>\n\t\t\t\t\t<\/div>\n\t\t<\/div>\n\t\t\t\t\t<\/div>\n\t\t<\/section>\n\t\t\t\t<\/div>\n\t\t","protected":false},"excerpt":{"rendered":"<p>El responsable del tractament de les seves dades personals: Identitat. CHIASA amb CIF: A-08527301Direcci\u00f3 postal: Pol\u00edgon Industrial Cabrianes s \/ n 08650 CabrianesTelf: 938.206.102Correu Electr\u00f2nic: chiasa@chiasa.es Finalitat Amb quina finalitat tractem les seves dades A CHIASA tractem la informaci\u00f3, que ens faciliten les persones interessades, amb la finalitat de gestionar l&#8217;enviament de la informaci\u00f3 que [&hellip;]<\/p>\n","protected":false},"author":1,"featured_media":0,"parent":0,"menu_order":0,"comment_status":"closed","ping_status":"closed","template":"elementor_header_footer","meta":{"_acf_changed":false,"inline_featured_image":false,"footnotes":""},"class_list":["post-1237","page","type-page","status-publish","hentry"],"acf":[],"_links":{"self":[{"href":"https:\/\/xaf-clean.com\/ca\/wp-json\/wp\/v2\/pages\/1237","targetHints":{"allow":["GET"]}}],"collection":[{"href":"https:\/\/xaf-clean.com\/ca\/wp-json\/wp\/v2\/pages"}],"about":[{"href":"https:\/\/xaf-clean.com\/ca\/wp-json\/wp\/v2\/types\/page"}],"author":[{"embeddable":true,"href":"https:\/\/xaf-clean.com\/ca\/wp-json\/wp\/v2\/users\/1"}],"replies":[{"embeddable":true,"href":"https:\/\/xaf-clean.com\/ca\/wp-json\/wp\/v2\/comments?post=1237"}],"version-history":[{"count":1,"href":"https:\/\/xaf-clean.com\/ca\/wp-json\/wp\/v2\/pages\/1237\/revisions"}],"predecessor-version":[{"id":1238,"href":"https:\/\/xaf-clean.com\/ca\/wp-json\/wp\/v2\/pages\/1237\/revisions\/1238"}],"wp:attachment":[{"href":"https:\/\/xaf-clean.com\/ca\/wp-json\/wp\/v2\/media?parent=1237"}],"curies":[{"name":"wp","href":"https:\/\/api.w.org\/{rel}","templated":true}]}}