{"id":1217,"date":"2021-03-26T10:48:09","date_gmt":"2021-03-26T10:48:09","guid":{"rendered":"http:\/\/xaf-clean.com\/nosaltres\/"},"modified":"2021-03-26T10:52:09","modified_gmt":"2021-03-26T10:52:09","slug":"nosaltres","status":"publish","type":"page","link":"https:\/\/xaf-clean.com\/ca\/nosaltres\/","title":{"rendered":"Nosaltres"},"content":{"rendered":"\t\t<div data-elementor-type=\"wp-page\" data-elementor-id=\"1217\" class=\"elementor elementor-1217 elementor-350\" data-elementor-post-type=\"page\">\n\t\t\t\t\t\t<section class=\"elementor-section elementor-top-section elementor-element elementor-element-a6a6c4f elementor-section-height-min-height elementor-section-boxed elementor-section-height-default elementor-section-items-middle\" data-id=\"a6a6c4f\" data-element_type=\"section\" data-e-type=\"section\" data-settings=\"{&quot;background_background&quot;:&quot;classic&quot;}\">\n\t\t\t\t\t\t\t<div class=\"elementor-background-overlay\"><\/div>\n\t\t\t\t\t\t\t<div class=\"elementor-container elementor-column-gap-default\">\n\t\t\t\t\t<div class=\"elementor-column elementor-col-100 elementor-top-column elementor-element elementor-element-4077e822\" data-id=\"4077e822\" data-element_type=\"column\" data-e-type=\"column\">\n\t\t\t<div class=\"elementor-widget-wrap elementor-element-populated\">\n\t\t\t\t\t\t<div class=\"elementor-element elementor-element-403219d4 elementor-widget elementor-widget-heading\" data-id=\"403219d4\" data-element_type=\"widget\" data-e-type=\"widget\" data-widget_type=\"heading.default\">\n\t\t\t\t<div class=\"elementor-widget-container\">\n\t\t\t\t\t<h2 class=\"elementor-heading-title elementor-size-large\">Xaf Clean<\/h2>\t\t\t\t<\/div>\n\t\t\t\t<\/div>\n\t\t\t\t\t<\/div>\n\t\t<\/div>\n\t\t\t\t\t<\/div>\n\t\t<\/section>\n\t\t\t\t<section class=\"elementor-section elementor-top-section elementor-element elementor-element-43ccc7c elementor-section-boxed elementor-section-height-default elementor-section-height-default\" data-id=\"43ccc7c\" data-element_type=\"section\" data-e-type=\"section\" id=\"que-es-xaf-clean\">\n\t\t\t\t\t\t<div class=\"elementor-container elementor-column-gap-default\">\n\t\t\t\t\t<div class=\"elementor-column elementor-col-100 elementor-top-column elementor-element elementor-element-b8269f4\" data-id=\"b8269f4\" data-element_type=\"column\" data-e-type=\"column\">\n\t\t\t<div class=\"elementor-widget-wrap elementor-element-populated\">\n\t\t\t\t\t\t<div class=\"elementor-element elementor-element-d4bbe44 elementor-widget elementor-widget-heading\" data-id=\"d4bbe44\" data-element_type=\"widget\" data-e-type=\"widget\" data-widget_type=\"heading.default\">\n\t\t\t\t<div class=\"elementor-widget-container\">\n\t\t\t\t\t<h3 class=\"elementor-heading-title elementor-size-default\">Aquesta \u00e9s la nostra hist\u00f2ria<\/h3>\t\t\t\t<\/div>\n\t\t\t\t<\/div>\n\t\t\t\t<section class=\"elementor-section elementor-inner-section elementor-element elementor-element-9420ca6 elementor-section-boxed elementor-section-height-default elementor-section-height-default\" data-id=\"9420ca6\" data-element_type=\"section\" data-e-type=\"section\">\n\t\t\t\t\t\t<div class=\"elementor-container elementor-column-gap-default\">\n\t\t\t\t\t<div class=\"elementor-column elementor-col-100 elementor-inner-column elementor-element elementor-element-d6b961e\" data-id=\"d6b961e\" data-element_type=\"column\" data-e-type=\"column\">\n\t\t\t<div class=\"elementor-widget-wrap elementor-element-populated\">\n\t\t\t\t\t\t<div class=\"elementor-element elementor-element-df58662 elementor-widget elementor-widget-text-editor\" data-id=\"df58662\" data-element_type=\"widget\" data-e-type=\"widget\" data-widget_type=\"text-editor.default\">\n\t\t\t\t<div class=\"elementor-widget-container\">\n\t\t\t\t\t\t\t\t\t<p>Tot comen\u00e7a amb una persona i la seva inquietud per inventar objectes que facin la vida dom\u00e8stica m\u00e9s f\u00e0cil. En Fernando fa molts anys que treballa en una empresa familiar del sector t\u00e8xtil situada al centre del Bages, CHIASA.<\/p>\n<p>Despr\u00e9s de temps de donar voltes amb com solucionar el problema de l\u2019embussament dels desaig\u00fces i les canonades de casa seva, i a provar diversos m\u00e8todes (alguns m\u00e9s agressius que d\u2019altres), les seves inquietuds el van dur a pensar, a analitzar i a dibuixar la idea d\u2019un producte, amb el qual aconseguiria mantenir les canonades netes evitant embussaments i males olors.<\/p>\n<p>Va ser aleshores quan en Fernando va voler compartir la seva idea amb l&#8217;equip de CHIASA, i entre tots van acabar de donar forma i nom a aquest producte: <strong>Xaf-clean<\/strong>.<\/p>\n<p style=\"text-align: center;\"><strong>\u00bfdesembussar desaig\u00fces? \u00bfnetejar canonades?<\/strong><\/p>\n<p>D&#8217;aquest treball en equip, on hi van participar enginyers, dissenyadors i t\u00e8cnics, <strong>ha sorgit un producte<\/strong>, actualment patentat, i u<span style=\"font-size: 1rem;\">na nova l\u00ednia de negoci que respon a necessitats reals.<\/span><\/p>\t\t\t\t\t\t\t\t<\/div>\n\t\t\t\t<\/div>\n\t\t\t\t<div class=\"elementor-element elementor-element-6fcefff elementor-widget elementor-widget-image\" data-id=\"6fcefff\" data-element_type=\"widget\" data-e-type=\"widget\" data-widget_type=\"image.default\">\n\t\t\t\t<div class=\"elementor-widget-container\">\n\t\t\t\t\t\t\t\t\t\t\t\t\t\t\t<img fetchpriority=\"high\" decoding=\"async\" width=\"800\" height=\"534\" src=\"https:\/\/xaf-clean.com\/wp-content\/uploads\/2021\/03\/diseno-xaf-clean-1024x683-1.jpg\" class=\"attachment-large size-large wp-image-1193\" alt=\"Xaf Clean 2\" srcset=\"https:\/\/xaf-clean.com\/wp-content\/uploads\/2021\/03\/diseno-xaf-clean-1024x683-1.jpg 1024w, https:\/\/xaf-clean.com\/wp-content\/uploads\/2021\/03\/diseno-xaf-clean-1024x683-1-300x200.jpg 300w, https:\/\/xaf-clean.com\/wp-content\/uploads\/2021\/03\/diseno-xaf-clean-1024x683-1-768x512.jpg 768w\" sizes=\"(max-width: 800px) 100vw, 800px\" \/>\t\t\t\t\t\t\t\t\t\t\t\t\t\t\t<\/div>\n\t\t\t\t<\/div>\n\t\t\t\t\t<\/div>\n\t\t<\/div>\n\t\t\t\t\t<\/div>\n\t\t<\/section>\n\t\t\t\t\t<\/div>\n\t\t<\/div>\n\t\t\t\t\t<\/div>\n\t\t<\/section>\n\t\t\t\t<section class=\"elementor-section elementor-top-section elementor-element elementor-element-3f190b4 elementor-section-boxed elementor-section-height-default elementor-section-height-default\" data-id=\"3f190b4\" data-element_type=\"section\" data-e-type=\"section\" data-settings=\"{&quot;background_background&quot;:&quot;classic&quot;}\">\n\t\t\t\t\t\t\t<div class=\"elementor-background-overlay\"><\/div>\n\t\t\t\t\t\t\t<div class=\"elementor-container elementor-column-gap-default\">\n\t\t\t\t\t<div class=\"elementor-column elementor-col-100 elementor-top-column elementor-element elementor-element-4e4a881\" data-id=\"4e4a881\" data-element_type=\"column\" data-e-type=\"column\">\n\t\t\t<div class=\"elementor-widget-wrap elementor-element-populated\">\n\t\t\t\t\t\t<div class=\"elementor-element elementor-element-2585087 elementor-widget elementor-widget-heading\" data-id=\"2585087\" data-element_type=\"widget\" data-e-type=\"widget\" data-widget_type=\"heading.default\">\n\t\t\t\t<div class=\"elementor-widget-container\">\n\t\t\t\t\t<h2 class=\"elementor-heading-title elementor-size-default\">El nostre prop\u00f2sit: fer-te la vida m\u00e9s f\u00e0cil<\/h2>\t\t\t\t<\/div>\n\t\t\t\t<\/div>\n\t\t\t\t\t<\/div>\n\t\t<\/div>\n\t\t\t\t\t<\/div>\n\t\t<\/section>\n\t\t\t\t<section class=\"elementor-section elementor-top-section elementor-element elementor-element-ada3472 elementor-section-boxed elementor-section-height-default elementor-section-height-default\" data-id=\"ada3472\" data-element_type=\"section\" data-e-type=\"section\">\n\t\t\t\t\t\t<div class=\"elementor-container elementor-column-gap-default\">\n\t\t\t\t\t<div class=\"elementor-column elementor-col-100 elementor-top-column elementor-element elementor-element-4a8f645\" data-id=\"4a8f645\" data-element_type=\"column\" data-e-type=\"column\">\n\t\t\t<div class=\"elementor-widget-wrap elementor-element-populated\">\n\t\t\t\t\t\t<section class=\"elementor-section elementor-inner-section elementor-element elementor-element-89e834d elementor-section-boxed elementor-section-height-default elementor-section-height-default\" data-id=\"89e834d\" data-element_type=\"section\" data-e-type=\"section\">\n\t\t\t\t\t\t<div class=\"elementor-container elementor-column-gap-default\">\n\t\t\t\t\t<div class=\"elementor-column elementor-col-100 elementor-inner-column elementor-element elementor-element-12b4c5a\" data-id=\"12b4c5a\" data-element_type=\"column\" data-e-type=\"column\">\n\t\t\t<div class=\"elementor-widget-wrap elementor-element-populated\">\n\t\t\t\t\t\t<div class=\"elementor-element elementor-element-778ff60 elementor-widget elementor-widget-heading\" data-id=\"778ff60\" data-element_type=\"widget\" data-e-type=\"widget\" data-widget_type=\"heading.default\">\n\t\t\t\t<div class=\"elementor-widget-container\">\n\t\t\t\t\t<h3 class=\"elementor-heading-title elementor-size-default\">Vols saber m\u00e9s sobre nosaltres?<\/h3>\t\t\t\t<\/div>\n\t\t\t\t<\/div>\n\t\t\t\t<div class=\"elementor-element elementor-element-797981c elementor-widget elementor-widget-text-editor\" data-id=\"797981c\" data-element_type=\"widget\" data-e-type=\"widget\" data-widget_type=\"text-editor.default\">\n\t\t\t\t<div class=\"elementor-widget-container\">\n\t\t\t\t\t\t\t\t\t<p>Podr\u00edem explicar qui som presentant-nos pel nom de la nostra empresa familiar CHIASA, que des de 1978 s&#8217;ha guanyat un lloc en el sector t\u00e8xtil. Per\u00f2 som m\u00e9s que aix\u00f2!<\/p>\n<p>CHIASA el formen persones i aix\u00f2 \u00e9s el que som; un equip de persones amb nom i cognoms que juntes sumem. Que juntes som capaces de convertir una idea o un enginy en un petit negoci premiant la iniciativa individual. Perqu\u00e8 aquestes idees son les que donen resposta al nostre prop\u00f2sit de fer-te la vida m\u00e9s f\u00e0cil, i al nostre comprom\u00eds amb la teva salut, la de l\u2019entorn i amb la teva economia dom\u00e8stica.<\/p>\n\t\t\t\t\t\t\t\t<\/div>\n\t\t\t\t<\/div>\n\t\t\t\t<div class=\"elementor-element elementor-element-8b2f4f4 elementor-widget elementor-widget-image\" data-id=\"8b2f4f4\" data-element_type=\"widget\" data-e-type=\"widget\" data-widget_type=\"image.default\">\n\t\t\t\t<div class=\"elementor-widget-container\">\n\t\t\t\t\t\t\t\t\t\t\t\t\t\t\t<img decoding=\"async\" width=\"800\" height=\"534\" src=\"https:\/\/xaf-clean.com\/wp-content\/uploads\/2021\/02\/reunion-1024x683.jpg\" class=\"attachment-large size-large wp-image-1179\" alt=\"\" srcset=\"https:\/\/xaf-clean.com\/wp-content\/uploads\/2021\/02\/reunion-1024x683.jpg 1024w, https:\/\/xaf-clean.com\/wp-content\/uploads\/2021\/02\/reunion-300x200.jpg 300w, https:\/\/xaf-clean.com\/wp-content\/uploads\/2021\/02\/reunion-768x512.jpg 768w, https:\/\/xaf-clean.com\/wp-content\/uploads\/2021\/02\/reunion-1536x1024.jpg 1536w, https:\/\/xaf-clean.com\/wp-content\/uploads\/2021\/02\/reunion.jpg 1600w\" sizes=\"(max-width: 800px) 100vw, 800px\" \/>\t\t\t\t\t\t\t\t\t\t\t\t\t\t\t<\/div>\n\t\t\t\t<\/div>\n\t\t\t\t\t<\/div>\n\t\t<\/div>\n\t\t\t\t\t<\/div>\n\t\t<\/section>\n\t\t\t\t\t<\/div>\n\t\t<\/div>\n\t\t\t\t\t<\/div>\n\t\t<\/section>\n\t\t\t\t<section class=\"elementor-section elementor-top-section elementor-element elementor-element-c7aec4a elementor-section-boxed elementor-section-height-default elementor-section-height-default\" data-id=\"c7aec4a\" data-element_type=\"section\" data-e-type=\"section\" data-settings=\"{&quot;background_background&quot;:&quot;classic&quot;}\">\n\t\t\t\t\t\t\t<div class=\"elementor-background-overlay\"><\/div>\n\t\t\t\t\t\t\t<div class=\"elementor-container elementor-column-gap-default\">\n\t\t\t\t\t<div class=\"elementor-column elementor-col-100 elementor-top-column elementor-element elementor-element-c7aec95\" data-id=\"c7aec95\" data-element_type=\"column\" data-e-type=\"column\">\n\t\t\t<div class=\"elementor-widget-wrap elementor-element-populated\">\n\t\t\t\t\t\t<div class=\"elementor-element elementor-element-57bd6e6 elementor-widget elementor-widget-heading\" data-id=\"57bd6e6\" data-element_type=\"widget\" data-e-type=\"widget\" data-widget_type=\"heading.default\">\n\t\t\t\t<div class=\"elementor-widget-container\">\n\t\t\t\t\t<h2 class=\"elementor-heading-title elementor-size-default\">El nostre comprom\u00eds: la teva salut, la del teu entorn i la teva economia dom\u00e8stica<\/h2>\t\t\t\t<\/div>\n\t\t\t\t<\/div>\n\t\t\t\t\t<\/div>\n\t\t<\/div>\n\t\t\t\t\t<\/div>\n\t\t<\/section>\n\t\t\t\t<section class=\"elementor-section elementor-top-section elementor-element elementor-element-27016e0b elementor-section-content-middle elementor-section-boxed elementor-section-height-default elementor-section-height-default\" data-id=\"27016e0b\" data-element_type=\"section\" data-e-type=\"section\" data-settings=\"{&quot;background_background&quot;:&quot;classic&quot;}\">\n\t\t\t\t\t\t\t<div class=\"elementor-background-overlay\"><\/div>\n\t\t\t\t\t\t\t<div class=\"elementor-container elementor-column-gap-no\">\n\t\t\t\t\t<div class=\"elementor-column elementor-col-100 elementor-top-column elementor-element elementor-element-374d040c\" data-id=\"374d040c\" data-element_type=\"column\" data-e-type=\"column\">\n\t\t\t<div class=\"elementor-widget-wrap elementor-element-populated\">\n\t\t\t\t\t\t<div class=\"elementor-element elementor-element-1e72fe3f elementor-widget elementor-widget-heading\" data-id=\"1e72fe3f\" data-element_type=\"widget\" data-e-type=\"widget\" data-widget_type=\"heading.default\">\n\t\t\t\t<div class=\"elementor-widget-container\">\n\t\t\t\t\t<h4 class=\"elementor-heading-title elementor-size-default\">Coneix xaf-clean!<\/h4>\t\t\t\t<\/div>\n\t\t\t\t<\/div>\n\t\t\t\t<div class=\"elementor-element elementor-element-58afb25 elementor-align-center elementor-widget elementor-widget-button\" data-id=\"58afb25\" data-element_type=\"widget\" data-e-type=\"widget\" data-widget_type=\"button.default\">\n\t\t\t\t<div class=\"elementor-widget-container\">\n\t\t\t\t\t\t\t\t\t<div class=\"elementor-button-wrapper\">\n\t\t\t\t\t<a class=\"elementor-button elementor-button-link elementor-size-lg\" href=\"https:\/\/xaf-clean.com\/ca\/neteja-desaigues\/\">\n\t\t\t\t\t\t<span class=\"elementor-button-content-wrapper\">\n\t\t\t\t\t\t\t\t\t<span class=\"elementor-button-text\">Anar al producte<\/span>\n\t\t\t\t\t<\/span>\n\t\t\t\t\t<\/a>\n\t\t\t\t<\/div>\n\t\t\t\t\t\t\t\t<\/div>\n\t\t\t\t<\/div>\n\t\t\t\t\t<\/div>\n\t\t<\/div>\n\t\t\t\t\t<\/div>\n\t\t<\/section>\n\t\t\t\t<\/div>\n\t\t","protected":false},"excerpt":{"rendered":"<p>Xaf Clean Aquesta \u00e9s la nostra hist\u00f2ria Tot comen\u00e7a amb una persona i la seva inquietud per inventar objectes que facin la vida dom\u00e8stica m\u00e9s f\u00e0cil. En Fernando fa molts anys que treballa en una empresa familiar del sector t\u00e8xtil situada al centre del Bages, CHIASA. Despr\u00e9s de temps de donar voltes amb com solucionar [&hellip;]<\/p>\n","protected":false},"author":2,"featured_media":0,"parent":0,"menu_order":0,"comment_status":"closed","ping_status":"closed","template":"elementor_header_footer","meta":{"_acf_changed":false,"inline_featured_image":false,"footnotes":""},"class_list":["post-1217","page","type-page","status-publish","hentry"],"acf":[],"_links":{"self":[{"href":"https:\/\/xaf-clean.com\/ca\/wp-json\/wp\/v2\/pages\/1217","targetHints":{"allow":["GET"]}}],"collection":[{"href":"https:\/\/xaf-clean.com\/ca\/wp-json\/wp\/v2\/pages"}],"about":[{"href":"https:\/\/xaf-clean.com\/ca\/wp-json\/wp\/v2\/types\/page"}],"author":[{"embeddable":true,"href":"https:\/\/xaf-clean.com\/ca\/wp-json\/wp\/v2\/users\/2"}],"replies":[{"embeddable":true,"href":"https:\/\/xaf-clean.com\/ca\/wp-json\/wp\/v2\/comments?post=1217"}],"version-history":[{"count":4,"href":"https:\/\/xaf-clean.com\/ca\/wp-json\/wp\/v2\/pages\/1217\/revisions"}],"predecessor-version":[{"id":1222,"href":"https:\/\/xaf-clean.com\/ca\/wp-json\/wp\/v2\/pages\/1217\/revisions\/1222"}],"wp:attachment":[{"href":"https:\/\/xaf-clean.com\/ca\/wp-json\/wp\/v2\/media?parent=1217"}],"curies":[{"name":"wp","href":"https:\/\/api.w.org\/{rel}","templated":true}]}}